{"id":648,"date":"2018-01-13T07:25:42","date_gmt":"2018-01-13T07:25:42","guid":{"rendered":"http:\/\/victorthemes.com\/themes\/unova\/?page_id=648"},"modified":"2026-04-14T17:30:29","modified_gmt":"2026-04-14T17:30:29","slug":"nosotros","status":"publish","type":"page","link":"https:\/\/gruposandblastjet.com\/index.php\/nosotros\/","title":{"rendered":"Acera de nosotros"},"content":{"rendered":"<div class=\"wpb-content-wrapper\"><p>[vc_row overlay_dotted=\u00bb\u00bb css=\u00bb.vc_custom_1516770247068{padding-bottom: 50px !important;}\u00bb][vc_column]<div class=\"unva-image \"><img decoding=\"async\" src=\"https:\/\/gruposandblastjet.com\/wp-content\/uploads\/2025\/12\/optmizado.png\" alt=\"\"><\/div>[vc_row_inner css=\u00bb.vc_custom_1517226597586{padding-top: 45px !important;}\u00bb][vc_column_inner offset=\u00bbvc_col-lg-6 vc_col-md-6&#8243;]<div class=\"section-title-wrap unva-stitle-69e9eaa2b5360 cpation-left \"><h2 class=\"section-title\">Acerca de Grupo Sand Blast Jet<\/h2><p>Grupo Sand Blast Jet es un conjunto de empresas prestadoras de servicios de construcci\u00f3n en general, fabricante de pinturas vin\u00edlicas, renta y venta de maquinaria, fabricaci\u00f3n y montaje de estructuras de acero as\u00ed como de componentes mineros y equipo el\u00e9ctrico, limpieza con chorro de arena o materiales en diferentes granulometr\u00edas de acuerdo a la necesidad de aplicaci\u00f3n requerida, para obtener el mejor resultado en la preparaci\u00f3n, limpieza, reacondicionamiento de superficies en diversos materiales.<\/p><div class=\"unva-btn-group\"><a href=\"https:\/\/gruposandblastjet.com\/index.php\/contacto\/\" class=\"unva-btn\">Contactar<i class=\"fa fa-arrow-circle-right\" aria-hidden=\"true\"><\/i><\/a><\/div><\/div>[\/vc_column_inner][vc_column_inner width=\u00bb1\/12&#8243; offset=\u00bbvc_hidden-md vc_hidden-sm vc_hidden-xs\u00bb][\/vc_column_inner][vc_column_inner offset=\u00bbvc_col-lg-5 vc_col-md-5&#8243;]<div class=\"idea-item unva-item unva-idea-69e9eaa2b53d3 \">\r\n                <div class=\"unva-icon\"><span class=\"pe-7s-vector\"><\/span><\/div>\r\n                <div class=\"idea-info\"><h4 class=\"idea-title\"><a href=\"#0\" target=\"_self\">Acerca de rentmaq<\/a><\/h4><p>Adicionalmente del servicio de Sand Blast y pintura que ofrecemos desde hace 12 a\u00f1os , vimos la oportunidad de brindar el servicio de renta y venta de maquinaria a trav\u00e9s de Rentmaq empresa creada hace 9 a\u00f1os con un constante crecimiento, abarcando los ramos de la industria desde obras peque\u00f1as hasta industriales.<\/p>\n<\/div>\r\n              <\/div><div class=\"idea-item unva-item unva-idea-69e9eaa2b5416 \">\r\n                <div class=\"unva-icon\"><span class=\"pe-7s-light\"><\/span><\/div>\r\n                <div class=\"idea-info\"><h4 class=\"idea-title\"><a href=\"#0\" target=\"_self\">Jet Paint<\/a><\/h4><p>Posteriormente\u00a0 iniciamos el negocio de Jet Paint con la fabricaci\u00f3n de pinturas vin\u00edlicas en varios colores para uso propio y venta al p\u00fablico en general con la calidad que nos caracteriza<\/p>\n<\/div>\r\n              <\/div>[\/vc_column_inner][\/vc_row_inner][\/vc_column][\/vc_row][vc_row][vc_column][vc_images_carousel images=\u00bb1684,1683,1675,1591,1590,1589,1587,1557,1542,1524&#8243; img_size=\u00bb700&#8243; slides_per_view=\u00bb3&#8243; autoplay=\u00bbyes\u00bb wrap=\u00bbyes\u00bb css_animation=\u00bbfadeIn\u00bb css=\u00bb.vc_custom_1775936400323{background-color: #FAFAFA !important;border-radius: 10px !important;border-color: #DD9933 !important;}\u00bb title=\u00bbMaquinaria\u00bb][\/vc_column][\/vc_row][vc_row full_width=\u00bbstretch_row\u00bb parallax=\u00bbcontent-moving\u00bb parallax_image=\u00bb1528&#8243; overlay_dotted=\u00bbtrue\u00bb css=\u00bb.vc_custom_1773371230681{margin-top: 0px !important;margin-bottom: 0px !important;padding-top: 0px !important;padding-bottom: 0px !important;}\u00bb overlay_color=\u00bb#FFFFFF99&#8243;][vc_column css=\u00bb.vc_custom_1773014753772{padding-top: 0px !important;padding-bottom: 0px !important;background-color: #FF990000 !important;}\u00bb][vc_column_text css=\u00bb\u00bb]<\/p>\n<h3 style=\"text-align: center;\">P\u00f3ngase en contacto, nosotros podemos ser un gran aliado para su pr\u00f3ximo proyecto. Contamos con a\u00f1os de experiencia y estamos en constante capacitaci\u00f3n para adaptarnos a las nuevas necesidades.<\/h3>\n<p>[\/vc_column_text]<div class=\"unva-contact-form unva-contact-69e9eaa2b5429\">\n<div class=\"wpcf7 no-js\" id=\"wpcf7-f5-o1\" lang=\"es-ES\" dir=\"ltr\" data-wpcf7-id=\"5\">\n<div class=\"screen-reader-response\"><p role=\"status\" aria-live=\"polite\" aria-atomic=\"true\"><\/p> <ul><\/ul><\/div>\n<form action=\"\/index.php\/wp-json\/wp\/v2\/pages\/648#wpcf7-f5-o1\" method=\"post\" class=\"wpcf7-form init\" aria-label=\"Formulario de contacto\" novalidate=\"novalidate\" data-status=\"init\">\n<fieldset class=\"hidden-fields-container\"><input type=\"hidden\" name=\"_wpcf7\" value=\"5\" \/><input type=\"hidden\" name=\"_wpcf7_version\" value=\"6.1.5\" \/><input type=\"hidden\" name=\"_wpcf7_locale\" value=\"es_ES\" \/><input type=\"hidden\" name=\"_wpcf7_unit_tag\" value=\"wpcf7-f5-o1\" \/><input type=\"hidden\" name=\"_wpcf7_container_post\" value=\"0\" \/><input type=\"hidden\" name=\"_wpcf7_posted_data_hash\" value=\"\" \/>\n<\/fieldset>\n<p><label> Tu nombre<br \/>\n<span class=\"wpcf7-form-control-wrap\" data-name=\"your-name\"><input size=\"40\" maxlength=\"400\" class=\"wpcf7-form-control wpcf7-text wpcf7-validates-as-required\" autocomplete=\"name\" aria-required=\"true\" aria-invalid=\"false\" value=\"\" type=\"text\" name=\"your-name\" \/><\/span> <\/label>\n<\/p>\n<p><label> Tu correo electr\u00f3nico<br \/>\n<span class=\"wpcf7-form-control-wrap\" data-name=\"your-email\"><input size=\"40\" maxlength=\"400\" class=\"wpcf7-form-control wpcf7-email wpcf7-validates-as-required wpcf7-text wpcf7-validates-as-email\" autocomplete=\"email\" aria-required=\"true\" aria-invalid=\"false\" value=\"\" type=\"email\" name=\"your-email\" \/><\/span> <\/label>\n<\/p>\n<p><label> Asunto<br \/>\n<span class=\"wpcf7-form-control-wrap\" data-name=\"your-subject\"><input size=\"40\" maxlength=\"400\" class=\"wpcf7-form-control wpcf7-text wpcf7-validates-as-required\" aria-required=\"true\" aria-invalid=\"false\" value=\"\" type=\"text\" name=\"your-subject\" \/><\/span> <\/label>\n<\/p>\n<p><label> Tu mensaje (opcional)<br \/>\n<span class=\"wpcf7-form-control-wrap\" data-name=\"your-message\"><textarea cols=\"40\" rows=\"10\" maxlength=\"2000\" class=\"wpcf7-form-control wpcf7-textarea\" aria-invalid=\"false\" name=\"your-message\"><\/textarea><\/span> <\/label>\n<\/p>\n<p><input class=\"wpcf7-form-control wpcf7-submit has-spinner\" type=\"submit\" value=\"Enviar\" \/>\n<\/p><div class=\"wpcf7-response-output\" aria-hidden=\"true\"><\/div>\n<\/form>\n<\/div>\n<\/div>[\/vc_column][\/vc_row][vc_row overlay_dotted=\u00bb\u00bb css=\u00bb.vc_custom_1515757716540{padding-top: 7% !important;padding-bottom: 70px !important;}\u00bb][vc_column][\/vc_column][\/vc_row][vc_row full_width=\u00bbstretch_row\u00bb parallax=\u00bbcontent-moving\u00bb parallax_image=\u00bb474&#8243; overlay_dotted=\u00bb\u00bb overlay_color=\u00bbrgba(27,27,27,0.9)\u00bb css=\u00bb.vc_custom_1520856668966{padding-top: 50px !important;padding-bottom: 20px !important;}\u00bb][vc_column]<div class=\"section-title-wrap unva-stitle-69e9eaa2b62fd cpation-center \"><h2 class=\"section-title\">Nuestras fortalezas<\/h2><p>Contamos con las instalaciones, maquinaria y equipo de trabajo necesario para realizar nuestras obras.<\/p><\/div>[vc_row_inner css=\u00bb.vc_custom_1516771441881{padding-right: 80px !important;padding-bottom: 40px !important;padding-left: 80px !important;}\u00bb][vc_column_inner width=\u00bb1\/2&#8243; offset=\u00bbvc_col-lg-3 vc_col-md-3&#8243;]<div class=\"unva-item stats-item unva-counter-69e9eaa2b631a\"><div class=\"unva-icon\"><span class=\"pe-7s-ribbon\"><\/span><\/div><h2 class=\"status-number\"><span class=\"unva-counter\">500<\/span><\/h2><h4 class=\"status-title\">Clientes satisfechos<\/h4><\/div>[\/vc_column_inner][vc_column_inner width=\u00bb1\/2&#8243; offset=\u00bbvc_col-lg-3 vc_col-md-3&#8243;]<div class=\"unva-item stats-item unva-counter-69e9eaa2b632b\"><div class=\"unva-icon\"><span class=\"pe-7s-cup\"><\/span><\/div><h2 class=\"status-number\"><span class=\"unva-counter\">3200<\/span><\/h2><h4 class=\"status-title\">Proyectos cerrados<\/h4><\/div>[\/vc_column_inner][vc_column_inner width=\u00bb1\/2&#8243; offset=\u00bbvc_col-lg-3 vc_col-md-3&#8243;]<div class=\"unva-item stats-item unva-counter-69e9eaa2b633a\"><div class=\"unva-icon\"><span class=\"pe-7s-add-user\"><\/span><\/div><h2 class=\"status-number\"><span class=\"unva-counter\">70<\/span><\/h2><h4 class=\"status-title\">Ciudades recorridas<\/h4><\/div>[\/vc_column_inner][vc_column_inner width=\u00bb1\/2&#8243; offset=\u00bbvc_col-lg-3 vc_col-md-3&#8243;]<div class=\"unva-item stats-item unva-counter-69e9eaa2b6346\"><div class=\"unva-icon\"><span class=\"pe-7s-clock\"><\/span><\/div><h2 class=\"status-number\"><span class=\"unva-counter\">90000<\/span><\/h2><h4 class=\"status-title\">Horas laboradas en proyectos<\/h4><\/div>[\/vc_column_inner][\/vc_row_inner][\/vc_column][\/vc_row][vc_row][vc_column][\/vc_column][\/vc_row][vc_row content_placement=\u00bbmiddle\u00bb overlay_dotted=\u00bb\u00bb css=\u00bb.vc_custom_1775936613097{padding-top: 7% !important;padding-bottom: 5px !important;}\u00bb][vc_column]<div class=\"section-title-wrap unva-stitle-69e9eaa2b6357 cpation-center \"><h2 class=\"section-title\">Nuestros clientes<\/h2><p>Algunas empresas que han confiado en nuestros servicios.<\/p><\/div>[vc_images_carousel images=\u00bb1608,1607,1606,1605,1600,1601,1602,1603,1604&#8243; img_size=\u00bbfull\u00bb onclick=\u00bblink_no\u00bb speed=\u00bb8000&#8243; slides_per_view=\u00bb4&#8243; autoplay=\u00bbyes\u00bb hide_pagination_control=\u00bbyes\u00bb wrap=\u00bbyes\u00bb css=\u00bb.vc_custom_1776187822405{background-color: #FAFAFA !important;background-position: center !important;background-repeat: no-repeat !important;background-size: contain !important;}\u00bb][\/vc_column][\/vc_row]<\/p>\n<\/div>","protected":false},"excerpt":{"rendered":"[vc_row overlay_dotted=\u00bb\u00bb css=\u00bb.vc_custom_1516770247068{padding-bottom: 50px !important;}\u00bb][vc_column][vc_row_inner css=\u00bb.vc_custom_1517226597586{padding-top: 45px !important;}\u00bb][vc_column_inner offset=\u00bbvc_col-lg-6 vc_col-md-6&#8243;][\/vc_column_inner][vc_column_inner width=\u00bb1\/12&#8243; offset=\u00bbvc_hidden-md vc_hidden-sm vc_hidden-xs\u00bb][\/vc_column_inner][vc_column_inner offset=\u00bbvc_col-lg-5 vc_col-md-5&#8243;][\/vc_column_inner][\/vc_row_inner][\/vc_column][\/vc_row][vc_row][vc_column][vc_images_carousel images=\u00bb1684,1683,1675,1591,1590,1589,1587,1557,1542,1524&#8243; img_size=\u00bb700&#8243; slides_per_view=\u00bb3&#8243; autoplay=\u00bbyes\u00bb wrap=\u00bbyes\u00bb css_animation=\u00bbfadeIn\u00bb css=\u00bb.vc_custom_1775936400323{background-color: #FAFAFA !important;border-radius: 10px !important;border-color: #DD9933 !important;}\u00bb title=\u00bbMaquinaria\u00bb][\/vc_column][\/vc_row][vc_row full_width=\u00bbstretch_row\u00bb parallax=\u00bbcontent-moving\u00bb parallax_image=\u00bb1528&#8243; overlay_dotted=\u00bbtrue\u00bb css=\u00bb.vc_custom_1773371230681{margin-top: 0px !important;margin-bottom: 0px !important;padding-top: 0px !important;padding-bottom: 0px !important;}\u00bb overlay_color=\u00bb#FFFFFF99&#8243;][vc_column css=\u00bb.vc_custom_1773014753772{padding-top: 0px !important;padding-bottom: 0px !important;background-color: #FF990000 !important;}\u00bb][vc_column_text css=\u00bb\u00bb] P\u00f3ngase en contacto,[&#8230;]","protected":false},"author":1,"featured_media":0,"parent":0,"menu_order":0,"comment_status":"closed","ping_status":"closed","template":"","meta":{"footnotes":""},"class_list":["post-648","page","type-page","status-publish","hentry"],"yoast_head":"<!-- This site is optimized with the Yoast SEO plugin v26.6 - https:\/\/yoast.com\/wordpress\/plugins\/seo\/ -->\n<title>Acera de nosotros - Grupo Sand Blast Jet<\/title>\n<meta name=\"robots\" content=\"index, follow, max-snippet:-1, max-image-preview:large, max-video-preview:-1\" \/>\n<link rel=\"canonical\" href=\"https:\/\/gruposandblastjet.com\/index.php\/nosotros\/\" \/>\n<meta property=\"og:locale\" content=\"es_ES\" \/>\n<meta property=\"og:type\" content=\"article\" \/>\n<meta property=\"og:title\" content=\"Acera de nosotros - Grupo Sand Blast Jet\" \/>\n<meta property=\"og:description\" content=\"[vc_row overlay_dotted=\u00bb\u00bb css=\u00bb.vc_custom_1516770247068{padding-bottom: 50px !important;}\u00bb][vc_column][vc_row_inner css=\u00bb.vc_custom_1517226597586{padding-top: 45px !important;}\u00bb][vc_column_inner offset=\u00bbvc_col-lg-6 vc_col-md-6&#8243;][\/vc_column_inner][vc_column_inner width=\u00bb1\/12&#8243; offset=\u00bbvc_hidden-md vc_hidden-sm vc_hidden-xs\u00bb][\/vc_column_inner][vc_column_inner offset=\u00bbvc_col-lg-5 vc_col-md-5&#8243;][\/vc_column_inner][\/vc_row_inner][\/vc_column][\/vc_row][vc_row][vc_column][vc_images_carousel images=\u00bb1684,1683,1675,1591,1590,1589,1587,1557,1542,1524&#8243; img_size=\u00bb700&#8243; slides_per_view=\u00bb3&#8243; autoplay=\u00bbyes\u00bb wrap=\u00bbyes\u00bb css_animation=\u00bbfadeIn\u00bb css=\u00bb.vc_custom_1775936400323{background-color: #FAFAFA !important;border-radius: 10px !important;border-color: #DD9933 !important;}\u00bb title=\u00bbMaquinaria\u00bb][\/vc_column][\/vc_row][vc_row full_width=\u00bbstretch_row\u00bb parallax=\u00bbcontent-moving\u00bb parallax_image=\u00bb1528&#8243; overlay_dotted=\u00bbtrue\u00bb css=\u00bb.vc_custom_1773371230681{margin-top: 0px !important;margin-bottom: 0px !important;padding-top: 0px !important;padding-bottom: 0px !important;}\u00bb overlay_color=\u00bb#FFFFFF99&#8243;][vc_column css=\u00bb.vc_custom_1773014753772{padding-top: 0px !important;padding-bottom: 0px !important;background-color: #FF990000 !important;}\u00bb][vc_column_text css=\u00bb\u00bb] P\u00f3ngase en contacto,[...]\" \/>\n<meta property=\"og:url\" content=\"https:\/\/gruposandblastjet.com\/index.php\/nosotros\/\" \/>\n<meta property=\"og:site_name\" content=\"Grupo Sand Blast Jet\" \/>\n<meta property=\"article:modified_time\" content=\"2026-04-14T17:30:29+00:00\" \/>\n<meta name=\"twitter:card\" content=\"summary_large_image\" \/>\n<meta name=\"twitter:label1\" content=\"Tiempo de lectura\" \/>\n\t<meta name=\"twitter:data1\" content=\"4 minutos\" \/>\n<script type=\"application\/ld+json\" class=\"yoast-schema-graph\">{\"@context\":\"https:\/\/schema.org\",\"@graph\":[{\"@type\":\"WebPage\",\"@id\":\"https:\/\/gruposandblastjet.com\/index.php\/nosotros\/\",\"url\":\"https:\/\/gruposandblastjet.com\/index.php\/nosotros\/\",\"name\":\"Acera de nosotros - Grupo Sand Blast Jet\",\"isPartOf\":{\"@id\":\"https:\/\/gruposandblastjet.com\/#website\"},\"datePublished\":\"2018-01-13T07:25:42+00:00\",\"dateModified\":\"2026-04-14T17:30:29+00:00\",\"breadcrumb\":{\"@id\":\"https:\/\/gruposandblastjet.com\/index.php\/nosotros\/#breadcrumb\"},\"inLanguage\":\"es\",\"potentialAction\":[{\"@type\":\"ReadAction\",\"target\":[\"https:\/\/gruposandblastjet.com\/index.php\/nosotros\/\"]}]},{\"@type\":\"BreadcrumbList\",\"@id\":\"https:\/\/gruposandblastjet.com\/index.php\/nosotros\/#breadcrumb\",\"itemListElement\":[{\"@type\":\"ListItem\",\"position\":1,\"name\":\"Portada\",\"item\":\"https:\/\/gruposandblastjet.com\/\"},{\"@type\":\"ListItem\",\"position\":2,\"name\":\"Acera de nosotros\"}]},{\"@type\":\"WebSite\",\"@id\":\"https:\/\/gruposandblastjet.com\/#website\",\"url\":\"https:\/\/gruposandblastjet.com\/\",\"name\":\"Grupo Sand Blast Jet\",\"description\":\"\",\"potentialAction\":[{\"@type\":\"SearchAction\",\"target\":{\"@type\":\"EntryPoint\",\"urlTemplate\":\"https:\/\/gruposandblastjet.com\/?s={search_term_string}\"},\"query-input\":{\"@type\":\"PropertyValueSpecification\",\"valueRequired\":true,\"valueName\":\"search_term_string\"}}],\"inLanguage\":\"es\"}]}<\/script>\n<!-- \/ Yoast SEO plugin. -->","yoast_head_json":{"title":"Acera de nosotros - Grupo Sand Blast Jet","robots":{"index":"index","follow":"follow","max-snippet":"max-snippet:-1","max-image-preview":"max-image-preview:large","max-video-preview":"max-video-preview:-1"},"canonical":"https:\/\/gruposandblastjet.com\/index.php\/nosotros\/","og_locale":"es_ES","og_type":"article","og_title":"Acera de nosotros - Grupo Sand Blast Jet","og_description":"[vc_row overlay_dotted=\u00bb\u00bb css=\u00bb.vc_custom_1516770247068{padding-bottom: 50px !important;}\u00bb][vc_column][vc_row_inner css=\u00bb.vc_custom_1517226597586{padding-top: 45px !important;}\u00bb][vc_column_inner offset=\u00bbvc_col-lg-6 vc_col-md-6&#8243;][\/vc_column_inner][vc_column_inner width=\u00bb1\/12&#8243; offset=\u00bbvc_hidden-md vc_hidden-sm vc_hidden-xs\u00bb][\/vc_column_inner][vc_column_inner offset=\u00bbvc_col-lg-5 vc_col-md-5&#8243;][\/vc_column_inner][\/vc_row_inner][\/vc_column][\/vc_row][vc_row][vc_column][vc_images_carousel images=\u00bb1684,1683,1675,1591,1590,1589,1587,1557,1542,1524&#8243; img_size=\u00bb700&#8243; slides_per_view=\u00bb3&#8243; autoplay=\u00bbyes\u00bb wrap=\u00bbyes\u00bb css_animation=\u00bbfadeIn\u00bb css=\u00bb.vc_custom_1775936400323{background-color: #FAFAFA !important;border-radius: 10px !important;border-color: #DD9933 !important;}\u00bb title=\u00bbMaquinaria\u00bb][\/vc_column][\/vc_row][vc_row full_width=\u00bbstretch_row\u00bb parallax=\u00bbcontent-moving\u00bb parallax_image=\u00bb1528&#8243; overlay_dotted=\u00bbtrue\u00bb css=\u00bb.vc_custom_1773371230681{margin-top: 0px !important;margin-bottom: 0px !important;padding-top: 0px !important;padding-bottom: 0px !important;}\u00bb overlay_color=\u00bb#FFFFFF99&#8243;][vc_column css=\u00bb.vc_custom_1773014753772{padding-top: 0px !important;padding-bottom: 0px !important;background-color: #FF990000 !important;}\u00bb][vc_column_text css=\u00bb\u00bb] P\u00f3ngase en contacto,[...]","og_url":"https:\/\/gruposandblastjet.com\/index.php\/nosotros\/","og_site_name":"Grupo Sand Blast Jet","article_modified_time":"2026-04-14T17:30:29+00:00","twitter_card":"summary_large_image","twitter_misc":{"Tiempo de lectura":"4 minutos"},"schema":{"@context":"https:\/\/schema.org","@graph":[{"@type":"WebPage","@id":"https:\/\/gruposandblastjet.com\/index.php\/nosotros\/","url":"https:\/\/gruposandblastjet.com\/index.php\/nosotros\/","name":"Acera de nosotros - Grupo Sand Blast Jet","isPartOf":{"@id":"https:\/\/gruposandblastjet.com\/#website"},"datePublished":"2018-01-13T07:25:42+00:00","dateModified":"2026-04-14T17:30:29+00:00","breadcrumb":{"@id":"https:\/\/gruposandblastjet.com\/index.php\/nosotros\/#breadcrumb"},"inLanguage":"es","potentialAction":[{"@type":"ReadAction","target":["https:\/\/gruposandblastjet.com\/index.php\/nosotros\/"]}]},{"@type":"BreadcrumbList","@id":"https:\/\/gruposandblastjet.com\/index.php\/nosotros\/#breadcrumb","itemListElement":[{"@type":"ListItem","position":1,"name":"Portada","item":"https:\/\/gruposandblastjet.com\/"},{"@type":"ListItem","position":2,"name":"Acera de nosotros"}]},{"@type":"WebSite","@id":"https:\/\/gruposandblastjet.com\/#website","url":"https:\/\/gruposandblastjet.com\/","name":"Grupo Sand Blast Jet","description":"","potentialAction":[{"@type":"SearchAction","target":{"@type":"EntryPoint","urlTemplate":"https:\/\/gruposandblastjet.com\/?s={search_term_string}"},"query-input":{"@type":"PropertyValueSpecification","valueRequired":true,"valueName":"search_term_string"}}],"inLanguage":"es"}]}},"_links":{"self":[{"href":"https:\/\/gruposandblastjet.com\/index.php\/wp-json\/wp\/v2\/pages\/648","targetHints":{"allow":["GET"]}}],"collection":[{"href":"https:\/\/gruposandblastjet.com\/index.php\/wp-json\/wp\/v2\/pages"}],"about":[{"href":"https:\/\/gruposandblastjet.com\/index.php\/wp-json\/wp\/v2\/types\/page"}],"author":[{"embeddable":true,"href":"https:\/\/gruposandblastjet.com\/index.php\/wp-json\/wp\/v2\/users\/1"}],"replies":[{"embeddable":true,"href":"https:\/\/gruposandblastjet.com\/index.php\/wp-json\/wp\/v2\/comments?post=648"}],"version-history":[{"count":33,"href":"https:\/\/gruposandblastjet.com\/index.php\/wp-json\/wp\/v2\/pages\/648\/revisions"}],"predecessor-version":[{"id":1745,"href":"https:\/\/gruposandblastjet.com\/index.php\/wp-json\/wp\/v2\/pages\/648\/revisions\/1745"}],"wp:attachment":[{"href":"https:\/\/gruposandblastjet.com\/index.php\/wp-json\/wp\/v2\/media?parent=648"}],"curies":[{"name":"wp","href":"https:\/\/api.w.org\/{rel}","templated":true}]}}